{"id":28,"date":"2016-05-27T15:27:24","date_gmt":"2016-05-27T13:27:24","guid":{"rendered":"http:\/\/localhost\/cope\/?page_id=28"},"modified":"2017-12-08T08:25:01","modified_gmt":"2017-12-08T07:25:01","slug":"impressum","status":"publish","type":"page","link":"https:\/\/copeberlin.de\/en\/legal\/imprint\/","title":{"rendered":"Imprint"},"content":{"rendered":"<p class=\"qtranxs-available-languages-message qtranxs-available-languages-message-en\">Sorry, this entry is only available in <a href=\"https:\/\/copeberlin.de\/de\/wp-json\/wp\/v2\/pages\/28\" class=\"qtranxs-available-language-link qtranxs-available-language-link-de\" title=\"DE\">DE<\/a>. For the sake of viewer convenience, the content is shown below in the alternative language. You may click the link to switch the active language.<\/p><p><strong>cope projekt & marketing GmbH<\/strong><br \/>\nBergstr. 20<br \/>\n10115 Berlin<\/p>\n<p><strong>Telefon:<\/strong>\u00a0+49 30 2759 6684<br \/>\n<strong>Fax:<\/strong>\u00a0+49 30 2758 1625<br \/>\n<strong>E-Mail:<\/strong>\u00a0i&#110;&#x66;&#111;&#x40;c&#111;&#x70;e&#x62;&#x65;&#114;&#x6c;i&#110;&#x2e;d&#x65;<\/p>\n<p><strong>Eintragung im Handelsregister:<\/strong><br \/>\nRegistergericht: Handelsregister des AG Charlottenburg,<br \/>\nRegisternummer: HRB 100819<br \/>\nGesch\u00e4ftsf\u00fchrer:\u00a0J\u00f6rg Nickl<\/p>\n<p><strong>Umsatzsteuer-Identifikationsnummer gem\u00e4\u00df \u00a727 a Umsatzsteuergesetz:<\/strong> DE247261591<\/p>\n<p><strong>Aufsichtsbeh\u00f6rde:\u00a0<\/strong>Genehmigung nach \u00a734c GewO durch die Stadt Berlin &#8211; Mitte<\/p>\n<p><strong>Hinweis auf EU-Streitschlichtung:<\/strong>\u00a0Die Europ\u00e4ische Kommission stellt eine <a href=\"http:\/\/ec.europa.eu\/consumers\/odr\" target=\"_blank\">Plattform zur Online-Streitbeilegung<\/a> (OS) bereit.<\/p>\n<p><strong>Verantwortlich f\u00fcr die Planung, Realisierung und Betreuung der Webseiteninhalte ist:<\/strong><br \/>\nJ\u00f6rg Nickl<\/p>\n<p><strong>Gestaltung und Programmierung der Webseite:<\/strong><br \/>\nnetefx internet services &#8211;\u00a0<a title=\"Wordpress Programmierung aus Berlin\" href=\"http:\/\/www.netefx.de\/\" target=\"_blank\">www.netefx.de<\/a><\/p>\n<h3>Haftung f\u00fcr Inhalte (Disclaimer)<\/h3>\n<p>Als Diensteanbieter sind wir gem\u00e4\u00df \u00a7 7 Abs.1 TMG f\u00fcr eigene Inhalte auf diesen Seiten nach den allgemeinen\u00a0Gesetzen verantwortlich. Nach \u00a7\u00a7 8 bis 10 TMG sind wir als Diensteanbieter jedoch nicht verpflichtet,\u00a0\u00fcbermittelte oder gespeicherte fremde Informationen zu \u00fcberwachen oder nach Umst\u00e4nden zu forschen, die auf\u00a0eine rechtswidrige T\u00e4tigkeit hinweisen. Verpflichtungen zur Entfernung oder Sperrung der Nutzung von\u00a0Informationen nach den allgemeinen Gesetzen bleiben hiervon unber\u00fchrt. Eine diesbez\u00fcgliche Haftung ist\u00a0jedoch erst ab dem Zeitpunkt der Kenntnis einer konkreten Rechtsverletzung m\u00f6glich. Bei Bekanntwerden vonentsprechenden Rechtsverletzungen werden wir diese Inhalte umgehend entfernen.<\/p>\n<h3>Haftung f\u00fcr Links<\/h3>\n<p>Unser Angebot enth\u00e4lt Links zu externen Webseiten Dritter, auf deren Inhalte wir keinen Einfluss haben.\u00a0Deshalb k\u00f6nnen wir f\u00fcr diese fremden Inhalte auch keine Gew\u00e4hr \u00fcbernehmen. F\u00fcr die Inhalte der verlinkten\u00a0Seiten ist stets der jeweilige Anbieter oder Betreiber der Seiten verantwortlich. Die verlinkten Seiten wurden zum\u00a0Zeitpunkt der Verlinkung auf m\u00f6gliche Rechtsverst\u00f6\u00dfe \u00fcberpr\u00fcft. Rechtswidrige Inhalte waren zum Zeitpunkt der\u00a0Verlinkung nicht erkennbar. Eine permanente inhaltliche Kontrolle der verlinkten Seiten ist jedoch ohne konkrete\u00a0Anhaltspunkte einer Rechtsverletzung nicht zumutbar. Bei Bekanntwerden von Rechtsverletzungen werden wir\u00a0derartige Links umgehend entfernen.<\/p>\n<h3>Urheberrecht<\/h3>\n<p>Die durch die Seitenbetreiber erstellten Inhalte und Werke auf diesen Seiten unterliegen dem deutschen\u00a0Urheberrecht. Die Vervielf\u00e4ltigung, Bearbeitung, Verbreitung und jede Art der Verwertung au\u00dferhalb der\u00a0Grenzen des Urheberrechtes bed\u00fcrfen der schriftlichen Zustimmung des jeweiligen Autors bzw. Erstellers. Downloads und Kopien dieser Seite sind nur f\u00fcr den privaten, nicht kommerziellen Gebrauch gestattet. Soweit\u00a0die Inhalte auf dieser Seite nicht vom Betreiber erstellt wurden, werden die Urheberrechte Dritter beachtet.\u00a0Insbesondere werden Inhalte Dritter als solche gekennzeichnet. Sollten Sie trotzdem auf eine\u00a0Urheberrechtsverletzung aufmerksam werden, bitten wir um einen entsprechenden Hinweis. Bei Bekanntwerden\u00a0von Rechtsverletzungen werden wir derartige Inhalte umgehend entfernen.<\/p>\n<h3>Copyright<\/h3>\n<p>Der Inhalt unserer Webseite ist urheberrechtlich gesch\u00fctzt. Eine entgeltliche Weitergabe der Inhalte unserer Seite an Dritte ist nicht gestattet. Das Urheberrecht verbietet ferner die Speicherung und Vervielf\u00e4ltigung von Bildmaterial oder Grafiken aus unserer Webseite.<\/p>","protected":false},"excerpt":{"rendered":"<p class=\"qtranxs-available-languages-message qtranxs-available-languages-message-en\">Sorry, this entry is only available in <a href=\"https:\/\/copeberlin.de\/de\/wp-json\/wp\/v2\/pages\/28\" class=\"qtranxs-available-language-link qtranxs-available-language-link-de\" title=\"DE\">DE<\/a>. For the sake of viewer convenience, the content is shown below in the alternative language. You may click the link to switch the active language.<\/p>\n<p>Rechtliche Informationen (Impressum) zum Internetauftritt der cope projekt &#038; marketing GmbH<\/p>\n","protected":false},"author":2,"featured_media":0,"parent":26,"menu_order":8,"comment_status":"closed","ping_status":"closed","template":"","meta":{"footnotes":""},"class_list":["post-28","page","type-page","status-publish","hentry"],"yoast_head":"<!-- This site is optimized with the Yoast SEO plugin v24.9 - https:\/\/yoast.com\/wordpress\/plugins\/seo\/ -->\n<title>Imprint - cope berlin<\/title>\n<meta name=\"robots\" content=\"index, follow, max-snippet:-1, max-image-preview:large, max-video-preview:-1\" \/>\n<link rel=\"canonical\" href=\"https:\/\/copeberlin.de\/rechtliches\/impressum\/\" \/>\n<meta property=\"og:locale\" content=\"en_US\" \/>\n<meta property=\"og:type\" content=\"article\" \/>\n<meta property=\"og:title\" content=\"Imprint - cope berlin\" \/>\n<meta property=\"og:description\" content=\"[:de]Rechtliche Informationen (Impressum) zum Internetauftritt der cope projekt &amp; marketing GmbH [:]\" \/>\n<meta property=\"og:url\" content=\"https:\/\/copeberlin.de\/rechtliches\/impressum\/\" \/>\n<meta property=\"og:site_name\" content=\"cope berlin\" \/>\n<meta property=\"article:modified_time\" content=\"2017-12-08T07:25:01+00:00\" \/>\n<meta name=\"twitter:card\" content=\"summary_large_image\" \/>\n<meta name=\"twitter:label1\" content=\"Est. reading time\" \/>\n\t<meta name=\"twitter:data1\" content=\"2 minutes\" \/>\n<script type=\"application\/ld+json\" class=\"yoast-schema-graph\">{\"@context\":\"https:\/\/schema.org\",\"@graph\":[{\"@type\":\"WebPage\",\"@id\":\"https:\/\/copeberlin.de\/rechtliches\/impressum\/\",\"url\":\"https:\/\/copeberlin.de\/rechtliches\/impressum\/\",\"name\":\"Imprint - cope berlin\",\"isPartOf\":{\"@id\":\"https:\/\/copeberlin.de\/#website\"},\"datePublished\":\"2016-05-27T13:27:24+00:00\",\"dateModified\":\"2017-12-08T07:25:01+00:00\",\"breadcrumb\":{\"@id\":\"https:\/\/copeberlin.de\/rechtliches\/impressum\/#breadcrumb\"},\"inLanguage\":\"en-US\",\"potentialAction\":[{\"@type\":\"ReadAction\",\"target\":[\"https:\/\/copeberlin.de\/rechtliches\/impressum\/\"]}]},{\"@type\":\"BreadcrumbList\",\"@id\":\"https:\/\/copeberlin.de\/rechtliches\/impressum\/#breadcrumb\",\"itemListElement\":[{\"@type\":\"ListItem\",\"position\":1,\"name\":\"Startseite\",\"item\":\"https:\/\/copeberlin.de\/\"},{\"@type\":\"ListItem\",\"position\":2,\"name\":\"Rechtliches\",\"item\":\"https:\/\/copeberlin.de\/rechtliches\/\"},{\"@type\":\"ListItem\",\"position\":3,\"name\":\"Impressum\"}]},{\"@type\":\"WebSite\",\"@id\":\"https:\/\/copeberlin.de\/#website\",\"url\":\"https:\/\/copeberlin.de\/\",\"name\":\"cope berlin\",\"description\":\"real estate consulting. business relocation. location marketing.\",\"potentialAction\":[{\"@type\":\"SearchAction\",\"target\":{\"@type\":\"EntryPoint\",\"urlTemplate\":\"https:\/\/copeberlin.de\/?s={search_term_string}\"},\"query-input\":{\"@type\":\"PropertyValueSpecification\",\"valueRequired\":true,\"valueName\":\"search_term_string\"}}],\"inLanguage\":\"en-US\"}]}<\/script>\n<!-- \/ Yoast SEO plugin. -->","yoast_head_json":{"title":"Imprint - cope berlin","robots":{"index":"index","follow":"follow","max-snippet":"max-snippet:-1","max-image-preview":"max-image-preview:large","max-video-preview":"max-video-preview:-1"},"canonical":"https:\/\/copeberlin.de\/rechtliches\/impressum\/","og_locale":"en_US","og_type":"article","og_title":"Imprint - cope berlin","og_description":"[:de]Rechtliche Informationen (Impressum) zum Internetauftritt der cope projekt & marketing GmbH [:]","og_url":"https:\/\/copeberlin.de\/rechtliches\/impressum\/","og_site_name":"cope berlin","article_modified_time":"2017-12-08T07:25:01+00:00","twitter_card":"summary_large_image","twitter_misc":{"Est. reading time":"2 minutes"},"schema":{"@context":"https:\/\/schema.org","@graph":[{"@type":"WebPage","@id":"https:\/\/copeberlin.de\/rechtliches\/impressum\/","url":"https:\/\/copeberlin.de\/rechtliches\/impressum\/","name":"Imprint - cope berlin","isPartOf":{"@id":"https:\/\/copeberlin.de\/#website"},"datePublished":"2016-05-27T13:27:24+00:00","dateModified":"2017-12-08T07:25:01+00:00","breadcrumb":{"@id":"https:\/\/copeberlin.de\/rechtliches\/impressum\/#breadcrumb"},"inLanguage":"en-US","potentialAction":[{"@type":"ReadAction","target":["https:\/\/copeberlin.de\/rechtliches\/impressum\/"]}]},{"@type":"BreadcrumbList","@id":"https:\/\/copeberlin.de\/rechtliches\/impressum\/#breadcrumb","itemListElement":[{"@type":"ListItem","position":1,"name":"Startseite","item":"https:\/\/copeberlin.de\/"},{"@type":"ListItem","position":2,"name":"Rechtliches","item":"https:\/\/copeberlin.de\/rechtliches\/"},{"@type":"ListItem","position":3,"name":"Impressum"}]},{"@type":"WebSite","@id":"https:\/\/copeberlin.de\/#website","url":"https:\/\/copeberlin.de\/","name":"cope berlin","description":"real estate consulting. business relocation. location marketing.","potentialAction":[{"@type":"SearchAction","target":{"@type":"EntryPoint","urlTemplate":"https:\/\/copeberlin.de\/?s={search_term_string}"},"query-input":{"@type":"PropertyValueSpecification","valueRequired":true,"valueName":"search_term_string"}}],"inLanguage":"en-US"}]}},"_links":{"self":[{"href":"https:\/\/copeberlin.de\/en\/wp-json\/wp\/v2\/pages\/28","targetHints":{"allow":["GET"]}}],"collection":[{"href":"https:\/\/copeberlin.de\/en\/wp-json\/wp\/v2\/pages"}],"about":[{"href":"https:\/\/copeberlin.de\/en\/wp-json\/wp\/v2\/types\/page"}],"author":[{"embeddable":true,"href":"https:\/\/copeberlin.de\/en\/wp-json\/wp\/v2\/users\/2"}],"replies":[{"embeddable":true,"href":"https:\/\/copeberlin.de\/en\/wp-json\/wp\/v2\/comments?post=28"}],"version-history":[{"count":10,"href":"https:\/\/copeberlin.de\/en\/wp-json\/wp\/v2\/pages\/28\/revisions"}],"predecessor-version":[{"id":132,"href":"https:\/\/copeberlin.de\/en\/wp-json\/wp\/v2\/pages\/28\/revisions\/132"}],"up":[{"embeddable":true,"href":"https:\/\/copeberlin.de\/en\/wp-json\/wp\/v2\/pages\/26"}],"wp:attachment":[{"href":"https:\/\/copeberlin.de\/en\/wp-json\/wp\/v2\/media?parent=28"}],"curies":[{"name":"wp","href":"https:\/\/api.w.org\/{rel}","templated":true}]}}